{"id":69,"date":"2025-11-19T14:18:15","date_gmt":"2025-11-19T14:18:15","guid":{"rendered":"https:\/\/art-and-wine.differo.studio\/?post_type=product&#038;p=69"},"modified":"2025-11-20T14:41:06","modified_gmt":"2025-11-20T14:41:06","slug":"art-wine-the-shipyard-pub","status":"publish","type":"product","link":"https:\/\/art-and-wine.differo.studio\/en\/product\/art-wine-the-shipyard-pub\/","title":{"rendered":"Art &#038; Wine @ The Shipyard Pub"},"content":{"rendered":"<p data-start=\"32\" data-end=\"72\"><strong data-start=\"32\" data-end=\"70\">Art &amp; Cocktails @ The Shipyard Pub<\/strong><\/p>\n<p data-start=\"74\" data-end=\"245\">The Shipyard Pub u Puli poznat je po odli\u010dnoj atmosferi i raznolikom izboru koktela. Zajedno organiziramo Art &amp; Cocktails, savr\u0161en spoj kreativnosti i vrhunskih koktela.<\/p>\n<p data-start=\"247\" data-end=\"412\">Na ovoj dvosatnoj radionici naslikat \u0107ete vibrantnu akrilnu sliku uz vodstvo profesionalne umjetnice, dok u\u017eivate u osvje\u017eavaju\u0107im koktelima u opu\u0161tenoj atmosferi.<\/p>\n<p data-start=\"414\" data-end=\"574\">Nije potrebno prethodno iskustvo, dovoljno je ponijeti znati\u017eelju i osmijeh. Svoje umjetni\u010dko djelo nosite ku\u0107i kao jedinstvenu uspomenu na nezaboravnu ve\u010der.<\/p>\n<p data-start=\"576\" data-end=\"616\"><strong>U cijenu su uklju\u010dena dva koktela.<\/strong><\/p>\n<p data-start=\"618\" data-end=\"683\" data-is-last-node=\"\" data-is-only-node=\"\">Rezervirajte svoje mjesto i do\u017eivite spoj umjetnosti i koktela!<\/p>\n<h5><\/h5>","protected":false},"excerpt":{"rendered":"<p>Art &amp; Cocktails @ The Shipyard Pub The Shipyard Pub u Puli poznat je po odli\u010dnoj atmosferi i raznolikom izboru koktela. Zajedno organiziramo Art &amp; Cocktails, savr\u0161en spoj kreativnosti i vrhunskih koktela. Na ovoj dvosatnoj radionici naslikat \u0107ete vibrantnu akrilnu sliku uz vodstvo profesionalne umjetnice, dok u\u017eivate u osvje\u017eavaju\u0107im koktelima u opu\u0161tenoj atmosferi. Nije potrebno [&hellip;]<\/p>","protected":false},"featured_media":72,"template":"","meta":[],"product_brand":[],"product_cat":[22],"product_tag":[],"class_list":{"0":"post-69","1":"product","2":"type-product","3":"status-publish","4":"has-post-thumbnail","6":"product_cat-art-cocktails","8":"first","9":"instock","10":"virtual","11":"taxable","12":"purchasable","13":"product-type-simple"},"_links":{"self":[{"href":"https:\/\/art-and-wine.differo.studio\/en\/wp-json\/wp\/v2\/product\/69","targetHints":{"allow":["GET"]}}],"collection":[{"href":"https:\/\/art-and-wine.differo.studio\/en\/wp-json\/wp\/v2\/product"}],"about":[{"href":"https:\/\/art-and-wine.differo.studio\/en\/wp-json\/wp\/v2\/types\/product"}],"wp:featuredmedia":[{"embeddable":true,"href":"https:\/\/art-and-wine.differo.studio\/en\/wp-json\/wp\/v2\/media\/72"}],"wp:attachment":[{"href":"https:\/\/art-and-wine.differo.studio\/en\/wp-json\/wp\/v2\/media?parent=69"}],"wp:term":[{"taxonomy":"product_brand","embeddable":true,"href":"https:\/\/art-and-wine.differo.studio\/en\/wp-json\/wp\/v2\/product_brand?post=69"},{"taxonomy":"product_cat","embeddable":true,"href":"https:\/\/art-and-wine.differo.studio\/en\/wp-json\/wp\/v2\/product_cat?post=69"},{"taxonomy":"product_tag","embeddable":true,"href":"https:\/\/art-and-wine.differo.studio\/en\/wp-json\/wp\/v2\/product_tag?post=69"}],"curies":[{"name":"wp","href":"https:\/\/api.w.org\/{rel}","templated":true}]}}