{"id":218,"date":"2025-11-19T21:22:39","date_gmt":"2025-11-19T21:22:39","guid":{"rendered":"https:\/\/art-and-wine.differo.studio\/?post_type=product&#038;p=218"},"modified":"2025-11-20T15:15:19","modified_gmt":"2025-11-20T15:15:19","slug":"glitter-gin-tonic-petak-friday-14-11-2025","status":"publish","type":"product","link":"https:\/\/art-and-wine.differo.studio\/en\/product\/glitter-gin-tonic-petak-friday-14-11-2025\/","title":{"rendered":"Glitter &#038; Gin tonic"},"content":{"rendered":"<h3 dir=\"auto\"><strong>\u2728 Glitter &amp; Gin tonic radionica \u2728<\/strong><\/h3>\n<div dir=\"auto\">\n<p>Na ovoj radionici slikamo akrilnim bojama, a zatim ukra\u0161avamo radove \u0161ljokicama i kristalima dok ispijamo ukusni gin tonic. \ud83d\udc8e Doga\u0111anje traje 2 sata, uklju\u010duje stru\u010dno vodstvo i 2 \u010da\u0161e gin tonica. Rad nastao na eventu ostaje vam kao uspomena.<\/p>\n<p>Rezervirajte svoje mjesto i zasjajte s nama! \u2728<\/p>\n<\/div>","protected":false},"excerpt":{"rendered":"<p>\u2728 Glitter &amp; Gin tonic radionica \u2728 Na ovoj radionici slikamo akrilnim bojama, a zatim ukra\u0161avamo radove \u0161ljokicama i kristalima dok ispijamo ukusni gin tonic. \ud83d\udc8e Doga\u0111anje traje 2 sata, uklju\u010duje stru\u010dno vodstvo i 2 \u010da\u0161e gin tonica. Rad nastao na eventu ostaje vam kao uspomena. Rezervirajte svoje mjesto i zasjajte s nama! \u2728<\/p>","protected":false},"featured_media":219,"template":"","meta":[],"product_brand":[],"product_cat":[23],"product_tag":[],"class_list":{"0":"post-218","1":"product","2":"type-product","3":"status-publish","4":"has-post-thumbnail","6":"product_cat-glitter-gin-tonic","8":"first","9":"instock","10":"taxable","11":"shipping-taxable","12":"purchasable","13":"product-type-simple"},"_links":{"self":[{"href":"https:\/\/art-and-wine.differo.studio\/en\/wp-json\/wp\/v2\/product\/218","targetHints":{"allow":["GET"]}}],"collection":[{"href":"https:\/\/art-and-wine.differo.studio\/en\/wp-json\/wp\/v2\/product"}],"about":[{"href":"https:\/\/art-and-wine.differo.studio\/en\/wp-json\/wp\/v2\/types\/product"}],"wp:featuredmedia":[{"embeddable":true,"href":"https:\/\/art-and-wine.differo.studio\/en\/wp-json\/wp\/v2\/media\/219"}],"wp:attachment":[{"href":"https:\/\/art-and-wine.differo.studio\/en\/wp-json\/wp\/v2\/media?parent=218"}],"wp:term":[{"taxonomy":"product_brand","embeddable":true,"href":"https:\/\/art-and-wine.differo.studio\/en\/wp-json\/wp\/v2\/product_brand?post=218"},{"taxonomy":"product_cat","embeddable":true,"href":"https:\/\/art-and-wine.differo.studio\/en\/wp-json\/wp\/v2\/product_cat?post=218"},{"taxonomy":"product_tag","embeddable":true,"href":"https:\/\/art-and-wine.differo.studio\/en\/wp-json\/wp\/v2\/product_tag?post=218"}],"curies":[{"name":"wp","href":"https:\/\/api.w.org\/{rel}","templated":true}]}}