{"id":216,"date":"2025-11-19T21:22:23","date_gmt":"2025-11-19T21:22:23","guid":{"rendered":"https:\/\/art-and-wine.differo.studio\/?post_type=product&#038;p=216"},"modified":"2025-11-20T15:15:28","modified_gmt":"2025-11-20T15:15:28","slug":"art-wine-subota-saturday-8-11-2025","status":"publish","type":"product","link":"https:\/\/art-and-wine.differo.studio\/en\/product\/art-wine-subota-saturday-8-11-2025\/","title":{"rendered":"Art &#038; Wine"},"content":{"rendered":"<p data-start=\"178\" data-end=\"405\">\u2728 <strong data-start=\"180\" data-end=\"204\">Art &amp; Wine radionica<\/strong> \u2728<br data-start=\"206\" data-end=\"209\" \/>Otkrijte \u010dari slikanja uz \u010da\u0161u vrhunskog lokalnog vina! Na ovoj dvosatnoj radionici slikamo akrilnim bojama zanimljive i suvremene motive uz stru\u010dno vodstvo, u opu\u0161tenoj i inspirativnoj atmosferi.<\/p>\n<p data-start=\"407\" data-end=\"535\">Ne trebate prethodno iskustvo \u2013 samo znati\u017eelju i kreativnost.<br data-start=\"472\" data-end=\"475\" \/>Va\u0161e umjetni\u010dko djelo ostaje vam kao jedinstvena uspomena.<\/p>\n<p data-start=\"537\" data-end=\"598\"><strong data-start=\"537\" data-end=\"598\">Rezervirajte svoje mjesto i u\u017eivajte u umjetnosti i vinu!<\/strong><\/p>","protected":false},"excerpt":{"rendered":"<p>\u2728 Art &amp; Wine radionica \u2728Otkrijte \u010dari slikanja uz \u010da\u0161u vrhunskog lokalnog vina! Na ovoj dvosatnoj radionici slikamo akrilnim bojama zanimljive i suvremene motive uz stru\u010dno vodstvo, u opu\u0161tenoj i inspirativnoj atmosferi. Ne trebate prethodno iskustvo \u2013 samo znati\u017eelju i kreativnost.Va\u0161e umjetni\u010dko djelo ostaje vam kao jedinstvena uspomena. Rezervirajte svoje mjesto i u\u017eivajte u umjetnosti [&hellip;]<\/p>","protected":false},"featured_media":217,"template":"","meta":[],"product_brand":[],"product_cat":[21],"product_tag":[],"class_list":{"0":"post-216","1":"product","2":"type-product","3":"status-publish","4":"has-post-thumbnail","6":"product_cat-art-wine","8":"first","9":"instock","10":"taxable","11":"shipping-taxable","12":"purchasable","13":"product-type-simple"},"_links":{"self":[{"href":"https:\/\/art-and-wine.differo.studio\/en\/wp-json\/wp\/v2\/product\/216","targetHints":{"allow":["GET"]}}],"collection":[{"href":"https:\/\/art-and-wine.differo.studio\/en\/wp-json\/wp\/v2\/product"}],"about":[{"href":"https:\/\/art-and-wine.differo.studio\/en\/wp-json\/wp\/v2\/types\/product"}],"wp:featuredmedia":[{"embeddable":true,"href":"https:\/\/art-and-wine.differo.studio\/en\/wp-json\/wp\/v2\/media\/217"}],"wp:attachment":[{"href":"https:\/\/art-and-wine.differo.studio\/en\/wp-json\/wp\/v2\/media?parent=216"}],"wp:term":[{"taxonomy":"product_brand","embeddable":true,"href":"https:\/\/art-and-wine.differo.studio\/en\/wp-json\/wp\/v2\/product_brand?post=216"},{"taxonomy":"product_cat","embeddable":true,"href":"https:\/\/art-and-wine.differo.studio\/en\/wp-json\/wp\/v2\/product_cat?post=216"},{"taxonomy":"product_tag","embeddable":true,"href":"https:\/\/art-and-wine.differo.studio\/en\/wp-json\/wp\/v2\/product_tag?post=216"}],"curies":[{"name":"wp","href":"https:\/\/api.w.org\/{rel}","templated":true}]}}