{"id":105,"date":"2025-11-19T14:54:49","date_gmt":"2025-11-19T14:54:49","guid":{"rendered":"https:\/\/art-and-wine.differo.studio\/?page_id=105"},"modified":"2025-12-11T12:31:49","modified_gmt":"2025-12-11T12:31:49","slug":"kontakt","status":"publish","type":"page","link":"https:\/\/art-and-wine.differo.studio\/en\/kontakt\/","title":{"rendered":"Contact"},"content":{"rendered":"<div data-elementor-type=\"wp-page\" data-elementor-id=\"105\" class=\"elementor elementor-105\" data-elementor-post-type=\"page\">\n\t\t\t\t<div class=\"elementor-element elementor-element-28d1dc4 e-con-full e-flex e-con e-parent\" data-id=\"28d1dc4\" data-element_type=\"container\">\n\t\t\t\t<div class=\"elementor-element elementor-element-4b33efc elementor-widget elementor-widget-image\" data-id=\"4b33efc\" data-element_type=\"widget\" data-widget_type=\"image.default\">\n\t\t\t\t\t\t\t\t\t\t\t\t\t\t\t<img fetchpriority=\"high\" decoding=\"async\" width=\"2048\" height=\"1363\" src=\"https:\/\/art-and-wine.differo.studio\/wp-content\/uploads\/2025\/11\/grupna.jpg\" class=\"attachment-full size-full wp-image-167\" alt=\"\" srcset=\"https:\/\/art-and-wine.differo.studio\/wp-content\/uploads\/2025\/11\/grupna.jpg 2048w, https:\/\/art-and-wine.differo.studio\/wp-content\/uploads\/2025\/11\/grupna-300x200.jpg 300w, https:\/\/art-and-wine.differo.studio\/wp-content\/uploads\/2025\/11\/grupna-1024x682.jpg 1024w, https:\/\/art-and-wine.differo.studio\/wp-content\/uploads\/2025\/11\/grupna-768x511.jpg 768w, https:\/\/art-and-wine.differo.studio\/wp-content\/uploads\/2025\/11\/grupna-1536x1022.jpg 1536w, https:\/\/art-and-wine.differo.studio\/wp-content\/uploads\/2025\/11\/grupna-600x399.jpg 600w\" sizes=\"(max-width: 2048px) 100vw, 2048px\" \/>\t\t\t\t\t\t\t\t\t\t\t\t\t\t\t<\/div>\n\t\t\t\t<\/div>\n\t\t<div class=\"elementor-element elementor-element-7e17705 e-con-full e-flex e-con e-parent\" data-id=\"7e17705\" data-element_type=\"container\">\n\t\t\t\t<div class=\"elementor-element elementor-element-626626d elementor-widget elementor-widget-heading\" data-id=\"626626d\" data-element_type=\"widget\" data-widget_type=\"heading.default\">\n\t\t\t\t\t<h2 class=\"elementor-heading-title elementor-size-default\">About us<\/h2>\t\t\t\t<\/div>\n\t\t\t\t<div class=\"elementor-element elementor-element-83c0cd6 elementor-widget__width-initial elementor-widget-mobile__width-inherit elementor-widget elementor-widget-text-editor\" data-id=\"83c0cd6\" data-element_type=\"widget\" data-widget_type=\"text-editor.default\">\n\t\t\t\t\t\t\t\t\t<p><strong>Art and Wine<\/strong> is the first creative \"sip and paint\" studio in Pula, bringing a unique blend of art and wine. We turn painting, accompanied by quality Istrian wine, into a fun and relaxing experience, and our expert and friendly team guides you step-by-step through the painting process in a casual atmosphere so you can create your own artworks. We organize Art and Wine events in our studio in the center of Pula, and upon request at various locations in Istria County and other cities across Croatia.<\/p><p>Check our calendar for an event that suits you, or contact us to organize an artistic experience for a special occasion such as team building, birthdays, or bachelorette parties.<\/p><p>Join us for a creative adventure, meet new people, and taste premium local wines.<\/p>\t\t\t\t\t\t\t\t<\/div>\n\t\t\t\t<div class=\"elementor-element elementor-element-d017be5 elementor-widget-divider--view-line elementor-widget elementor-widget-divider\" data-id=\"d017be5\" data-element_type=\"widget\" data-widget_type=\"divider.default\">\n\t\t\t\t\t\t\t<div class=\"elementor-divider\">\n\t\t\t<span class=\"elementor-divider-separator\">\n\t\t\t\t\t\t<\/span>\n\t\t<\/div>\n\t\t\t\t\t\t<\/div>\n\t\t\t\t<\/div>\n\t\t<div class=\"elementor-element elementor-element-38a321c e-con-full e-flex e-con e-parent\" data-id=\"38a321c\" data-element_type=\"container\">\n\t\t\t\t<div class=\"elementor-element elementor-element-34b7925 elementor-widget elementor-widget-heading\" data-id=\"34b7925\" data-element_type=\"widget\" data-widget_type=\"heading.default\">\n\t\t\t\t\t<h2 class=\"elementor-heading-title elementor-size-default\">Contact us<\/h2>\t\t\t\t<\/div>\n\t\t\t\t<div class=\"elementor-element elementor-element-47010c6 elementor-widget__width-inherit elementor-button-align-stretch elementor-widget elementor-widget-form\" data-id=\"47010c6\" data-element_type=\"widget\" data-settings=\"{&quot;step_next_label&quot;:&quot;Next&quot;,&quot;step_previous_label&quot;:&quot;Previous&quot;,&quot;button_width&quot;:&quot;100&quot;,&quot;step_type&quot;:&quot;number_text&quot;,&quot;step_icon_shape&quot;:&quot;circle&quot;}\" data-widget_type=\"form.default\">\n\t\t\t\t\t\t\t<form class=\"elementor-form\" method=\"post\" name=\"New Form\" aria-label=\"New Form\" action=\"\">\n\t\t\t<input type=\"hidden\" name=\"post_id\" value=\"105\"\/>\n\t\t\t<input type=\"hidden\" name=\"form_id\" value=\"47010c6\"\/>\n\t\t\t<input type=\"hidden\" name=\"referer_title\" value=\"Kontakt\" \/>\n\n\t\t\t\t\t\t\t<input type=\"hidden\" name=\"queried_id\" value=\"105\"\/>\n\t\t\t\n\t\t\t<div class=\"elementor-form-fields-wrapper elementor-labels-above\">\n\t\t\t\t\t\t\t\t<div class=\"elementor-field-type-text elementor-field-group elementor-column elementor-field-group-name elementor-col-100 elementor-field-required\">\n\t\t\t\t\t\t\t\t\t\t\t\t<label for=\"form-field-name\" class=\"elementor-field-label\">\n\t\t\t\t\t\t\t\tFirst and last name\t\t\t\t\t\t\t<\/label>\n\t\t\t\t\t\t\t\t\t\t\t\t\t\t<input size=\"1\" type=\"text\" name=\"form_fields[name]\" id=\"form-field-name\" class=\"elementor-field elementor-size-md  elementor-field-textual\" placeholder=\"Enter first and last name\" required=\"required\">\n\t\t\t\t\t\t\t\t\t\t\t<\/div>\n\t\t\t\t\t\t\t\t<div class=\"elementor-field-type-email elementor-field-group elementor-column elementor-field-group-email elementor-col-100 elementor-field-required\">\n\t\t\t\t\t\t\t\t\t\t\t\t<label for=\"form-field-email\" class=\"elementor-field-label\">\n\t\t\t\t\t\t\t\tEmail\t\t\t\t\t\t\t<\/label>\n\t\t\t\t\t\t\t\t\t\t\t\t\t\t<input size=\"1\" type=\"email\" name=\"form_fields[email]\" id=\"form-field-email\" class=\"elementor-field elementor-size-md  elementor-field-textual\" placeholder=\"Enter your email\" required=\"required\">\n\t\t\t\t\t\t\t\t\t\t\t<\/div>\n\t\t\t\t\t\t\t\t<div class=\"elementor-field-type-textarea elementor-field-group elementor-column elementor-field-group-message elementor-col-100 elementor-field-required\">\n\t\t\t\t\t\t\t\t\t\t\t\t<label for=\"form-field-message\" class=\"elementor-field-label\">\n\t\t\t\t\t\t\t\tMessage\t\t\t\t\t\t\t<\/label>\n\t\t\t\t\t\t<textarea class=\"elementor-field-textual elementor-field  elementor-size-md\" name=\"form_fields[message]\" id=\"form-field-message\" rows=\"4\" placeholder=\"Enter your message\" required=\"required\"><\/textarea>\t\t\t\t<\/div>\n\t\t\t\t\t\t\t\t<div class=\"elementor-field-group elementor-column elementor-field-type-submit elementor-col-100 e-form__buttons\">\n\t\t\t\t\t<button class=\"elementor-button elementor-size-md\" type=\"submit\">\n\t\t\t\t\t\t<span class=\"elementor-button-content-wrapper\">\n\t\t\t\t\t\t\t\t\t\t\t\t\t\t\t\t\t\t\t\t\t\t<span class=\"elementor-button-text\">SEND MESSAGE<\/span>\n\t\t\t\t\t\t\t\t\t\t\t\t\t<\/span>\n\t\t\t\t\t<\/button>\n\t\t\t\t<\/div>\n\t\t\t<\/div>\n\t\t<input type=\"hidden\" name=\"trp-form-language\" value=\"en\"\/><\/form>\n\t\t\t\t\t\t<\/div>\n\t\t\t\t<\/div>\n\t\t\t\t<\/div>","protected":false},"excerpt":{"rendered":"<p>O nama Art and Wine je prvi kreativni &#8220;sip and paint&#8221; studio u Puli koji donosi jedinstveni spoj umjetnosti i vina. Slikanje uz kvalitetno istarsko vino pretvaramo u zabavno i opu\u0161taju\u0107e iskustvo, a na\u0161 stru\u010dan i ljubazan tim vas u le\u017eernoj atmosferi korak po korak vodi kroz proces slikanja kako biste mogli kreirati svoja umjetni\u010dka [&hellip;]<\/p>","protected":false},"author":1,"featured_media":0,"parent":0,"menu_order":0,"comment_status":"closed","ping_status":"closed","template":"","meta":{"footnotes":""},"class_list":["post-105","page","type-page","status-publish","hentry"],"_links":{"self":[{"href":"https:\/\/art-and-wine.differo.studio\/en\/wp-json\/wp\/v2\/pages\/105","targetHints":{"allow":["GET"]}}],"collection":[{"href":"https:\/\/art-and-wine.differo.studio\/en\/wp-json\/wp\/v2\/pages"}],"about":[{"href":"https:\/\/art-and-wine.differo.studio\/en\/wp-json\/wp\/v2\/types\/page"}],"author":[{"embeddable":true,"href":"https:\/\/art-and-wine.differo.studio\/en\/wp-json\/wp\/v2\/users\/1"}],"replies":[{"embeddable":true,"href":"https:\/\/art-and-wine.differo.studio\/en\/wp-json\/wp\/v2\/comments?post=105"}],"version-history":[{"count":79,"href":"https:\/\/art-and-wine.differo.studio\/en\/wp-json\/wp\/v2\/pages\/105\/revisions"}],"predecessor-version":[{"id":1090,"href":"https:\/\/art-and-wine.differo.studio\/en\/wp-json\/wp\/v2\/pages\/105\/revisions\/1090"}],"wp:attachment":[{"href":"https:\/\/art-and-wine.differo.studio\/en\/wp-json\/wp\/v2\/media?parent=105"}],"curies":[{"name":"wp","href":"https:\/\/api.w.org\/{rel}","templated":true}]}}