{"id":101,"date":"2025-11-19T14:54:28","date_gmt":"2025-11-19T14:54:28","guid":{"rendered":"https:\/\/art-and-wine.differo.studio\/?page_id=101"},"modified":"2025-12-17T14:37:32","modified_gmt":"2025-12-17T14:37:32","slug":"poklon-bon","status":"publish","type":"page","link":"https:\/\/art-and-wine.differo.studio\/en\/poklon-bon\/","title":{"rendered":"Gift card"},"content":{"rendered":"<div data-elementor-type=\"wp-page\" data-elementor-id=\"101\" class=\"elementor elementor-101\" data-elementor-post-type=\"page\">\n\t\t\t\t<div class=\"elementor-element elementor-element-779fe2d e-con-full e-flex e-con e-parent\" data-id=\"779fe2d\" data-element_type=\"container\">\n\t\t\t\t<div class=\"elementor-element elementor-element-b59eaad elementor-invisible elementor-widget elementor-widget-heading\" data-id=\"b59eaad\" data-element_type=\"widget\" data-settings=\"{&quot;_animation&quot;:&quot;fadeInUp&quot;,&quot;_animation_delay&quot;:100}\" data-widget_type=\"heading.default\">\n\t\t\t\t\t<h2 class=\"elementor-heading-title elementor-size-default\">The Perfect Gift, Every Time<\/h2>\t\t\t\t<\/div>\n\t\t\t\t<\/div>\n\t\t<div class=\"elementor-element elementor-element-8f46f7c e-con-full e-flex e-con e-parent\" data-id=\"8f46f7c\" data-element_type=\"container\">\n\t\t<div class=\"elementor-element elementor-element-19b13f3 e-flex e-con-boxed e-con e-child\" data-id=\"19b13f3\" data-element_type=\"container\">\n\t\t\t\t\t<div class=\"e-con-inner\">\n\t\t\t\t<div class=\"elementor-element elementor-element-9c0c926 elementor-invisible elementor-widget elementor-widget-heading\" data-id=\"9c0c926\" data-element_type=\"widget\" data-settings=\"{&quot;_animation&quot;:&quot;fadeIn&quot;,&quot;_animation_delay&quot;:150}\" data-widget_type=\"heading.default\">\n\t\t\t\t\t<h2 class=\"elementor-heading-title elementor-size-default\">Buy a gift card for your loved ones<\/h2>\t\t\t\t<\/div>\n\t\t\t\t<div class=\"elementor-element elementor-element-3b17994 elementor-invisible elementor-widget elementor-widget-text-editor\" data-id=\"3b17994\" data-element_type=\"widget\" data-settings=\"{&quot;_animation&quot;:&quot;fadeIn&quot;,&quot;_animation_delay&quot;:200}\" data-widget_type=\"text-editor.default\">\n\t\t\t\t\t\t\t\t\t<p data-path-to-node=\"1,0\">Give your loved ones the chance to unwind, enjoy a glass of wine, and discover the joy of painting in a fun, welcoming atmosphere.<\/p>\t\t\t\t\t\t\t\t<\/div>\n\t\t<div class=\"elementor-element elementor-element-cc76b1a e-con-full e-flex elementor-invisible e-con e-child\" data-id=\"cc76b1a\" data-element_type=\"container\" data-settings=\"{&quot;animation&quot;:&quot;fadeInLeft&quot;,&quot;animation_delay&quot;:300}\">\n\t\t<div class=\"elementor-element elementor-element-6bd5dfe e-con-full e-flex e-con e-child\" data-id=\"6bd5dfe\" data-element_type=\"container\">\n\t\t\t\t<div class=\"elementor-element elementor-element-52699b0 elementor-widget__width-auto elementor-widget elementor-widget-heading\" data-id=\"52699b0\" data-element_type=\"widget\" data-widget_type=\"heading.default\">\n\t\t\t\t\t<h2 class=\"elementor-heading-title elementor-size-default\">25 EUR<\/h2>\t\t\t\t<\/div>\n\t\t\t\t<div class=\"elementor-element elementor-element-fc7449c elementor-widget elementor-widget-wc-add-to-cart\" data-id=\"fc7449c\" data-element_type=\"widget\" data-widget_type=\"wc-add-to-cart.default\">\n\t\t\t\t\t\t\t\t\t\t<a rel=\"nofollow\" href=\"\/en\/poklon-bon\/?add-to-cart=814\" data-quantity=\"1\" data-product_id=\"814\" class=\"product_type_simple add_to_cart_button ajax_add_to_cart elementor-button elementor-size-sm\" role=\"button\">\n\t\t\t\t\t\t<span class=\"elementor-button-content-wrapper\">\n\t\t\t\t\t\t\t\t\t<span class=\"elementor-button-text\">Add to cart<\/span>\n\t\t\t\t\t<\/span>\n\t\t\t\t\t<\/a>\n\t\t\t\t\t\t\t\t<\/div>\n\t\t\t\t<\/div>\n\t\t<div class=\"elementor-element elementor-element-509ed15 e-con-full e-flex e-con e-child\" data-id=\"509ed15\" data-element_type=\"container\">\n\t\t\t\t<div class=\"elementor-element elementor-element-24fa596 elementor-widget__width-auto elementor-widget elementor-widget-heading\" data-id=\"24fa596\" data-element_type=\"widget\" data-widget_type=\"heading.default\">\n\t\t\t\t\t<h2 class=\"elementor-heading-title elementor-size-default\">50 EUR<\/h2>\t\t\t\t<\/div>\n\t\t\t\t<div class=\"elementor-element elementor-element-c49387a elementor-widget elementor-widget-wc-add-to-cart\" data-id=\"c49387a\" data-element_type=\"widget\" data-widget_type=\"wc-add-to-cart.default\">\n\t\t\t\t\t\t\t\t\t\t<a rel=\"nofollow\" href=\"\/en\/poklon-bon\/?add-to-cart=814\" data-quantity=\"1\" data-product_id=\"814\" class=\"product_type_simple add_to_cart_button ajax_add_to_cart elementor-button elementor-size-sm\" role=\"button\">\n\t\t\t\t\t\t<span class=\"elementor-button-content-wrapper\">\n\t\t\t\t\t\t\t\t\t<span class=\"elementor-button-text\">Add to cart<\/span>\n\t\t\t\t\t<\/span>\n\t\t\t\t\t<\/a>\n\t\t\t\t\t\t\t\t<\/div>\n\t\t\t\t<\/div>\n\t\t\t\t<\/div>\n\t\t\t\t\t<\/div>\n\t\t\t\t<\/div>\n\t\t<div class=\"elementor-element elementor-element-469d3b4 e-flex e-con-boxed elementor-invisible e-con e-child\" data-id=\"469d3b4\" data-element_type=\"container\" data-settings=\"{&quot;animation&quot;:&quot;fadeInRight&quot;,&quot;animation_delay&quot;:300}\">\n\t\t\t\t\t<div class=\"e-con-inner\">\n\t\t\t\t<div class=\"elementor-element elementor-element-c048de5 elementor-widget elementor-widget-image\" data-id=\"c048de5\" data-element_type=\"widget\" data-widget_type=\"image.default\">\n\t\t\t\t\t\t\t\t\t\t\t\t\t\t\t<img fetchpriority=\"high\" decoding=\"async\" width=\"1080\" height=\"1080\" src=\"https:\/\/art-and-wine.differo.studio\/wp-content\/uploads\/2025\/12\/Gift-card.svg\" class=\"attachment-full size-full wp-image-967\" alt=\"\" \/>\t\t\t\t\t\t\t\t\t\t\t\t\t\t\t<\/div>\n\t\t\t\t\t<\/div>\n\t\t\t\t<\/div>\n\t\t\t\t<\/div>\n\t\t\t\t<\/div>","protected":false},"excerpt":{"rendered":"<p>Savr\u0161en dar, svaki put Kupite poklon bon za svoje voljene Priu\u0161tite svojim voljenima priliku da se opuste, u\u017eivaju u \u010da\u0161i vina i otkriju radost slikanja u zabavnoj, gostoljubivoj atmosferi. 25 EUR Dodaj u ko\u0161aricu 50 EUR Dodaj u ko\u0161aricu<\/p>","protected":false},"author":1,"featured_media":0,"parent":0,"menu_order":0,"comment_status":"closed","ping_status":"closed","template":"","meta":{"footnotes":""},"class_list":["post-101","page","type-page","status-publish","hentry"],"_links":{"self":[{"href":"https:\/\/art-and-wine.differo.studio\/en\/wp-json\/wp\/v2\/pages\/101","targetHints":{"allow":["GET"]}}],"collection":[{"href":"https:\/\/art-and-wine.differo.studio\/en\/wp-json\/wp\/v2\/pages"}],"about":[{"href":"https:\/\/art-and-wine.differo.studio\/en\/wp-json\/wp\/v2\/types\/page"}],"author":[{"embeddable":true,"href":"https:\/\/art-and-wine.differo.studio\/en\/wp-json\/wp\/v2\/users\/1"}],"replies":[{"embeddable":true,"href":"https:\/\/art-and-wine.differo.studio\/en\/wp-json\/wp\/v2\/comments?post=101"}],"version-history":[{"count":58,"href":"https:\/\/art-and-wine.differo.studio\/en\/wp-json\/wp\/v2\/pages\/101\/revisions"}],"predecessor-version":[{"id":1104,"href":"https:\/\/art-and-wine.differo.studio\/en\/wp-json\/wp\/v2\/pages\/101\/revisions\/1104"}],"wp:attachment":[{"href":"https:\/\/art-and-wine.differo.studio\/en\/wp-json\/wp\/v2\/media?parent=101"}],"curies":[{"name":"wp","href":"https:\/\/api.w.org\/{rel}","templated":true}]}}